{"id":30,"date":"2018-11-18T17:55:49","date_gmt":"2018-11-18T16:55:49","guid":{"rendered":"http:\/\/edu-b612.europole.org\/attivita\/"},"modified":"2021-09-09T20:21:02","modified_gmt":"2021-09-09T18:21:02","slug":"homepage","status":"publish","type":"page","link":"https:\/\/pearl-project.org\/es\/","title":{"rendered":"Homepage"},"content":{"rendered":"<p><\/p>\n<p>&nbsp;<\/p>\n<p style=\"text-align: justify;\"><img decoding=\"async\" data-attachment-id=\"315\" data-permalink=\"https:\/\/pearl-project.org\/es\/homepage\/print\/\" data-orig-file=\"https:\/\/pearl-project.org\/wp-content\/uploads\/2019\/05\/eu_flag_co_funded_pos_rgb_left.jpg\" data-orig-size=\"1964,561\" data-comments-opened=\"1\" data-image-meta=\"{&quot;aperture&quot;:&quot;0&quot;,&quot;credit&quot;:&quot;&quot;,&quot;camera&quot;:&quot;&quot;,&quot;caption&quot;:&quot;&quot;,&quot;created_timestamp&quot;:&quot;0&quot;,&quot;copyright&quot;:&quot;&quot;,&quot;focal_length&quot;:&quot;0&quot;,&quot;iso&quot;:&quot;0&quot;,&quot;shutter_speed&quot;:&quot;0&quot;,&quot;title&quot;:&quot;Print&quot;,&quot;orientation&quot;:&quot;1&quot;}\" data-image-title=\"Print\" data-image-description=\"\" data-image-caption=\"\" data-large-file=\"https:\/\/pearl-project.org\/wp-content\/uploads\/2019\/05\/eu_flag_co_funded_pos_rgb_left-1024x292.jpg\" class=\"size-medium wp-image-315 aligncenter\" src=\"http:\/\/pearl-project.org\/wp-content\/uploads\/2019\/05\/eu_flag_co_funded_pos_rgb_left-300x86.jpg\" alt=\"\" width=\"300\" height=\"86\" srcset=\"https:\/\/pearl-project.org\/wp-content\/uploads\/2019\/05\/eu_flag_co_funded_pos_rgb_left-300x86.jpg 300w, https:\/\/pearl-project.org\/wp-content\/uploads\/2019\/05\/eu_flag_co_funded_pos_rgb_left-768x219.jpg 768w, https:\/\/pearl-project.org\/wp-content\/uploads\/2019\/05\/eu_flag_co_funded_pos_rgb_left-1024x292.jpg 1024w, https:\/\/pearl-project.org\/wp-content\/uploads\/2019\/05\/eu_flag_co_funded_pos_rgb_left.jpg 1964w\" sizes=\"(max-width: 300px) 100vw, 300px\" \/><\/p>\n<p style=\"text-align: justify;\"><span lang=\"en-US\">El proyecto Erasmus + KA201 PEARL \u201cEntorno educativo-aprendizaje proximal emp\u00e1tico emocional emocional\u201d es un proyecto que tiene como objetivo desarrollar y validar un modelo educativo, innovador y replicable a nivel internacional, dirigido a la primera infancia, 0 &#8211; 6 a\u00f1os, que favorezca la crecimiento de los ni\u00f1os a trav\u00e9s de un entorno educativo de aprendizaje proximal emp\u00e1tico y emocional basado en actividades grupales. El proyecto tiene un car\u00e1cter completamente experimental y tiene como objetivo crear y validar un nuevo modelo educativo inclusivo basado en fundamentos te\u00f3ricos neuropsicopedag\u00f3gicos concretos y s\u00f3lidos, integrando la investigaci\u00f3n acad\u00e9mica (teor\u00edas de Vygotskij, Piaget, Montessori, pedagog\u00eda metacognitiva, aprendizaje proximal, co -constructivismo estructural, ambiental y relacional) con estrategias educativas modernas que incluyen educaci\u00f3n entre pares, aprendizaje cooperativo, constructivismo y con el uso de informaci\u00f3n y tecnolog\u00edas rob\u00f3ticas de Clementoni (socio del proyecto) (en particular para los 3-4 y 5-6 a\u00f1os de edad grupo). La rob\u00f3tica se utiliza como herramienta de inclusi\u00f3n y estrategias de comunicaci\u00f3n abierta y especialmente para el desarrollo de habilidades relacionales y emocionales, gracias a su uso en actividades de grupos reducidos. Para el grupo de edad de 0 a 2 a\u00f1os, se ha excluido la posibilidad de utilizar robots m\u00e1s sencillos dedicados a estos ni\u00f1os y se han seleccionado otras estrategias. Por tanto, para este grupo de edad, la creaci\u00f3n del entorno educativo proximal emp\u00e1tico y emocional se llevar\u00e1 a cabo principalmente a trav\u00e9s de actividades relacionadas con la naturaleza y el respeto por el medio ambiente, como el desarrollo de la internalizaci\u00f3n del sentido de pertenencia ecosist\u00e9mica con el mundo. El modelo PEARL sit\u00faa al grupo, las relaciones con los compa\u00f1eros y el desarrollo de las emociones emp\u00e1ticas en el centro de su acci\u00f3n para la creaci\u00f3n de un espacio de aprendizaje proximal que favorezca un correcto acercamiento a las tecnolog\u00edas rob\u00f3ticas como herramientas educativas y de aprendizaje. En la relaci\u00f3n con los compa\u00f1eros, el ni\u00f1o puede asumir diferentes roles y est\u00e1 llamado a cooperar en el grupo peque\u00f1o y estar de acuerdo aprendiendo a tomar el punto de vista del otro (Piaget 1932), desarrollando habilidades de cooperaci\u00f3n y compartici\u00f3n. La relaci\u00f3n grupal no s\u00f3lo conduce al desarrollo emocional emp\u00e1tico sino tambi\u00e9n cognitivo: la soluci\u00f3n de problemas, alcanzada de manera compartida, se internaliza como contenido del pensamiento (\u00abley gen\u00e9tica del desarrollo cultural\u00bb Vygotskij 1934). Las metodolog\u00edas desarrolladas por el proyecto prestar\u00e1n especial atenci\u00f3n a la inclusi\u00f3n de todos los ni\u00f1os m\u00e1s all\u00e1 de sus talentos, potencialidades, dificultades personales o discapacidades.<\/span><\/p>\n<p class=\"western\" style=\"text-align: center;\" align=\"left\"><span lang=\"en-US\">OBJETIVOS<\/span><\/p>\n<p>PEARL projesi, 1 ila 6 ya\u015f aral\u0131\u011f\u0131nda, Avrupa d\u00fczeyinde tekrarlanabilecek, duygusal ve empatik yak\u0131nsal \u00f6\u011frenme e\u011fitim ortam\u0131n\u0131n geli\u015ftirilmesi i\u00e7in yenilik\u00e7i ve y\u00fcksek kaliteli bir e\u011fitim modeli geli\u015ftirmeyi, test etmeyi ve do\u011frulamay\u0131 ama\u00e7lamaktad\u0131r. Geli\u015ftirilecek model, robotik ve yeni teknolojilerin kullan\u0131m\u0131yla prososyal becerilerin geli\u015ftirilmesine y\u00f6nelik e\u011fitim stratejileri arac\u0131l\u0131\u011f\u0131yla \u00e7ocu\u011fun n\u00f6rolojik geli\u015fiminde ve pedagojide sa\u011flam bilimsel ve teorik temeller olu\u015fturacakt\u0131r.<\/p>\n<p>Projenin di\u011fer ama\u00e7lar\u0131:<\/p>\n<p>&#8211; Erken \u00e7ocukluk d\u00f6neminde yenilik\u00e7i ve kaliteli e\u011fitimin te\u015fviki i\u00e7in akademik d\u00fcnya, \u00f6\u011fretmen yeti\u015ftirme kurumlar\u0131 ve e\u011fitim kurumlar\u0131 ile yak\u0131n i\u015fbirli\u011fi i\u00e7inde uluslararas\u0131 bir uzmanlar ve kurulu\u015flar a\u011f\u0131n\u0131n olu\u015fturulmas\u0131<\/p>\n<p>&#8211; Erken \u00e7ocukluk d\u00f6neminde deneysel bir e\u011fitim modelinin benimsenmesi i\u00e7in gerekli becerilerin geli\u015ftirilmesi i\u00e7in \u00f6\u011fretmenler i\u00e7in yeni m\u00fcfredat olu\u015fturulmas\u0131<\/p>\n<p>&#8211; Ulusal ve Avrupa d\u00fczeyinde kamu kurumlar\u0131 ve karar vericilere y\u00f6nelik 1-6 ya\u015f grubunda test edilen e\u011fitim yakla\u015f\u0131mlar\u0131 ve modelleri hakk\u0131nda bir beyaz kitab\u0131n olu\u015fturulmas\u0131 yoluyla erken \u00e7ocukluk e\u011fitimine yeni bir y\u00f6nelim.<\/p>\n<p>&nbsp;<\/p>\n<h6 style=\"text-align: center;\">_______________________________________________<\/h6>\n<h6 style=\"text-align: center;\">Bu web sitesinde yer alan bilgiler ve g\u00f6r\u00fc\u015fler yazarlara aittir ve Avrupa Birli\u011fi&#8217;nin resmi g\u00f6r\u00fc\u015f\u00fcn\u00fc yans\u0131tmayabilir. Ne Avrupa Birli\u011fi kurum ve kurulu\u015flar\u0131 ne de onlar ad\u0131na hareket eden herhangi bir ki\u015fi, burada yer alan bilgilerin kullan\u0131m\u0131ndan sorumlu tutulamaz.<\/h6>\n<div style=\"text-align: center;\">\u00a0<\/div>\n<p>&nbsp;<\/p>\n<p><\/p>","protected":false},"excerpt":{"rendered":"<p>&nbsp; El proyecto Erasmus + KA201 PEARL \u201cEntorno educativo-aprendizaje proximal emp\u00e1tico emocional emocional\u201d es un proyecto que tiene como objetivo desarrollar y validar un modelo educativo, innovador y replicable a nivel internacional, dirigido a la primera infancia, 0 &#8211; 6 a\u00f1os, que favorezca la crecimiento de los ni\u00f1os a trav\u00e9s de un entorno educativo de [&hellip;]<\/p>\n","protected":false},"author":1,"featured_media":0,"parent":0,"menu_order":0,"comment_status":"closed","ping_status":"closed","template":"","meta":{"_eb_attr":"","_themeisle_gutenberg_block_has_review":false,"jetpack_post_was_ever_published":false,"footnotes":""},"class_list":["post-30","page","type-page","status-publish","hentry"],"featured_image_src":null,"featured_image_src_square":null,"jetpack_sharing_enabled":true,"jetpack_shortlink":"https:\/\/wp.me\/PbIjq4-u","jetpack_likes_enabled":true,"_links":{"self":[{"href":"https:\/\/pearl-project.org\/es\/wp-json\/wp\/v2\/pages\/30","targetHints":{"allow":["GET"]}}],"collection":[{"href":"https:\/\/pearl-project.org\/es\/wp-json\/wp\/v2\/pages"}],"about":[{"href":"https:\/\/pearl-project.org\/es\/wp-json\/wp\/v2\/types\/page"}],"author":[{"embeddable":true,"href":"https:\/\/pearl-project.org\/es\/wp-json\/wp\/v2\/users\/1"}],"replies":[{"embeddable":true,"href":"https:\/\/pearl-project.org\/es\/wp-json\/wp\/v2\/comments?post=30"}],"version-history":[{"count":43,"href":"https:\/\/pearl-project.org\/es\/wp-json\/wp\/v2\/pages\/30\/revisions"}],"predecessor-version":[{"id":1659,"href":"https:\/\/pearl-project.org\/es\/wp-json\/wp\/v2\/pages\/30\/revisions\/1659"}],"wp:attachment":[{"href":"https:\/\/pearl-project.org\/es\/wp-json\/wp\/v2\/media?parent=30"}],"curies":[{"name":"wp","href":"https:\/\/api.w.org\/{rel}","templated":true}]}}